{"id":174870,"date":"2024-07-17T20:12:32","date_gmt":"2024-07-17T20:12:32","guid":{"rendered":"https:\/\/www.portalminero.com\/wp\/?page_id=174870"},"modified":"2024-07-17T20:17:20","modified_gmt":"2024-07-17T20:17:20","slug":"datos-metales","status":"publish","type":"page","link":"https:\/\/www.portalminero.com\/wp\/datos-metales\/","title":{"rendered":"Datos Metales"},"content":{"rendered":"<p>[et_pb_section bb_built=\u00bb1&#8243;][et_pb_row][et_pb_column type=\u00bb4_4&#8243;][et_pb_code _builder_version=\u00bb3.15&#8243;]\n\n\n\n\n\n\n \n\n\n\n\n\n\n\n\n\t\t\n\t\t<script type=\"text\/javascript\" src=\"https:\/\/www.portalminero.com\/wp\/wp-content\/themes\/Divi_new\/js\/oro.js?v=102847294\"><\/script>\n\t\t<script type=\"text\/javascript\" src=\"https:\/\/www.portalminero.com\/wp\/wp-content\/themes\/Divi_new\/js\/cobre.js?v=1787085494\"><\/script>\n\t\t<script type=\"text\/javascript\" src=\"https:\/\/www.portalminero.com\/wp\/wp-content\/themes\/Divi_new\/js\/plata.js?v=1191144318\"><\/script>\n\t\t\n\t\t<script type=\"text\/javascript\" src=\"https:\/\/www.portalminero.com\/wp\/wp-content\/themes\/Divi_new\/js\/bolsa_niquel.js?v=387851272\"><\/script>\n\t\t<script type=\"text\/javascript\" src=\"https:\/\/www.portalminero.com\/wp\/wp-content\/themes\/Divi_new\/js\/bolsa_zinc.js?v=1881716349\"><\/script>\n\t\t<script type=\"text\/javascript\" src=\"https:\/\/www.portalminero.com\/wp\/wp-content\/themes\/Divi_new\/js\/bolsa_estano.js?v=1119037312\"><\/script>\n\t\t<script type=\"text\/javascript\" src=\"https:\/\/www.portalminero.com\/wp\/wp-content\/themes\/Divi_new\/js\/bolsa_plomo.js?v=75648622\"><\/script>\n\t\t<script type=\"text\/javascript\" src=\"https:\/\/www.portalminero.com\/wp\/wp-content\/themes\/Divi_new\/js\/bolsa_aluminio.js?v=515555112\"><\/script>\n\t\t\n\n<style type=\"text\/css\">\n#metal_tabla_detalle_metales_d {\r\n    width: 100%;\r\n    height: 80%;\r\n    border: #9a9a9a 1.5px solid;\r\n    font-family: Arial, Helvetica, sans-serif;\r\n    font-size: 1.2rem;\r\n}\n#metal_tabla_detalle_metales_d tr td {\r\n    border: 1px #109aa5 solid;\r\n    border-top: 1px #109aa5 solid;\n    text-align: right;\n    padding-right: 3px;\n    padding-bottom: 2.5px;\n    padding-top: 3px;\n    font-size: 0.75rem;\r\n}\n.et_pb_section {\n\t\tpadding: 0% 0;\n\t}\n.entry-content tr td,\nbody.et-pb-preview #main-content .container tr td {\n\tpadding: 0px 24px;\n\tborder-top: 1px solid #eee;\n}\n\n<\/style>\n\t\t\n\t\t\n\n\n\n\n<h1>Cotizaci\u00f3n Cobre (\u00daltimos 30 D\u00edas)<\/h1>\n<div id=\"contenedor_d\" >\n<h3>Evoluci\u00f3n precio del Cobre en la Bolsa de Metales de Londres<\/h3>\n  <div id=\"grafico_metales_d\"><div id=\"grafico7\"  ><\/div><\/div>\n        <div id=\"grafico_tabla_d\" >\n        \n            <table id=\"tabla_detalle_metales_d\"  style=\"border:#00bfa5 1px solid;\">\n            <tr align=\"center\">\n              <td  width=50% style=\"background-color:#00bfa5; color:#fff; font-size:0.9rem;border-right: 1px #fff solid;\"><b>Fecha<\/b><\/td>\n              \n              <td  width=50% style=\"background-color:#00bfa5; color:#fff; font-size:0.9rem;\"><b>Cobre<\/b><\/td>\n            <\/tr>\n                        <tr align=\"center\"   >\n              <td style=\"border:#00bfa5 1px solid;font-size: 0.8rem;\">02-04-2026<\/td>\n              \n              <td style=\"border:#00bfa5 1px solid;font-size: 0.8rem; color:#109aa5;\"><b>550,979<\/b><\/td>\n            <\/tr>\n                       <tr align=\"center\"   >\n              <td style=\"border:#00bfa5 1px solid;font-size: 0.8rem;\">01-04-2026<\/td>\n              \n              <td style=\"border:#00bfa5 1px solid;font-size: 0.8rem; color:#109aa5;\"><b>556,558<\/b><\/td>\n            <\/tr>\n                       <tr align=\"center\"   >\n              <td style=\"border:#00bfa5 1px solid;font-size: 0.8rem;\">31-03-2026<\/td>\n              \n              <td style=\"border:#00bfa5 1px solid;font-size: 0.8rem; color:#109aa5;\"><b>551,568<\/b><\/td>\n            <\/tr>\n                       <tr align=\"center\"   >\n              <td style=\"border:#00bfa5 1px solid;font-size: 0.8rem;\">30-03-2026<\/td>\n              \n              <td style=\"border:#00bfa5 1px solid;font-size: 0.8rem; color:#109aa5;\"><b>550,525<\/b><\/td>\n            <\/tr>\n                       <tr align=\"center\"   >\n              <td style=\"border:#00bfa5 1px solid;font-size: 0.8rem;\">27-03-2026<\/td>\n              \n              <td style=\"border:#00bfa5 1px solid;font-size: 0.8rem; color:#109aa5;\"><b>546,398<\/b><\/td>\n            <\/tr>\n                       <tr align=\"center\"   >\n              <td style=\"border:#00bfa5 1px solid;font-size: 0.8rem;\">26-03-2026<\/td>\n              \n              <td style=\"border:#00bfa5 1px solid;font-size: 0.8rem; color:#109aa5;\"><b>549,210<\/b><\/td>\n            <\/tr>\n                       <tr align=\"center\"   >\n              <td style=\"border:#00bfa5 1px solid;font-size: 0.8rem;\">25-03-2026<\/td>\n              \n              <td style=\"border:#00bfa5 1px solid;font-size: 0.8rem; color:#109aa5;\"><b>550,434<\/b><\/td>\n            <\/tr>\n                       <tr align=\"center\"   >\n              <td style=\"border:#00bfa5 1px solid;font-size: 0.8rem;\">24-03-2026<\/td>\n              \n              <td style=\"border:#00bfa5 1px solid;font-size: 0.8rem; color:#109aa5;\"><b>538,800<\/b><\/td>\n            <\/tr>\n                       <tr align=\"center\"   >\n              <td style=\"border:#00bfa5 1px solid;font-size: 0.8rem;\">23-03-2026<\/td>\n              \n              <td style=\"border:#00bfa5 1px solid;font-size: 0.8rem; color:#109aa5;\"><b>539,367<\/b><\/td>\n            <\/tr>\n                       <tr align=\"center\"   >\n              <td style=\"border:#00bfa5 1px solid;font-size: 0.8rem;\">20-03-2026<\/td>\n              \n              <td style=\"border:#00bfa5 1px solid;font-size: 0.8rem; color:#109aa5;\"><b>545,286<\/b><\/td>\n            <\/tr>\n                       <tr align=\"center\"   >\n              <td style=\"border:#00bfa5 1px solid;font-size: 0.8rem;\">19-03-2026<\/td>\n              \n              <td style=\"border:#00bfa5 1px solid;font-size: 0.8rem; color:#109aa5;\"><b>536,418<\/b><\/td>\n            <\/tr>\n                       <tr align=\"center\"   >\n              <td style=\"border:#00bfa5 1px solid;font-size: 0.8rem;\">18-03-2026<\/td>\n              \n              <td style=\"border:#00bfa5 1px solid;font-size: 0.8rem; color:#109aa5;\"><b>567,127<\/b><\/td>\n            <\/tr>\n                       <tr align=\"center\"   >\n              <td style=\"border:#00bfa5 1px solid;font-size: 0.8rem;\">17-03-2026<\/td>\n              \n              <td style=\"border:#00bfa5 1px solid;font-size: 0.8rem; color:#109aa5;\"><b>575,019<\/b><\/td>\n            <\/tr>\n                       <tr align=\"center\"   >\n              <td style=\"border:#00bfa5 1px solid;font-size: 0.8rem;\">16-03-2026<\/td>\n              \n              <td style=\"border:#00bfa5 1px solid;font-size: 0.8rem; color:#109aa5;\"><b>578,761<\/b><\/td>\n            <\/tr>\n                       <tr align=\"center\"   >\n              <td style=\"border:#00bfa5 1px solid;font-size: 0.8rem;\">13-03-2026<\/td>\n              \n              <td style=\"border:#00bfa5 1px solid;font-size: 0.8rem; color:#109aa5;\"><b>578,693<\/b><\/td>\n            <\/tr>\n                       <tr align=\"center\"   >\n              <td style=\"border:#00bfa5 1px solid;font-size: 0.8rem;\">12-03-2026<\/td>\n              \n              <td style=\"border:#00bfa5 1px solid;font-size: 0.8rem; color:#109aa5;\"><b>584,976<\/b><\/td>\n            <\/tr>\n                       <tr align=\"center\"   >\n              <td style=\"border:#00bfa5 1px solid;font-size: 0.8rem;\">11-03-2026<\/td>\n              \n              <td style=\"border:#00bfa5 1px solid;font-size: 0.8rem; color:#109aa5;\"><b>582,889<\/b><\/td>\n            <\/tr>\n                       <tr align=\"center\"   >\n              <td style=\"border:#00bfa5 1px solid;font-size: 0.8rem;\">10-03-2026<\/td>\n              \n              <td style=\"border:#00bfa5 1px solid;font-size: 0.8rem; color:#109aa5;\"><b>586,064<\/b><\/td>\n            <\/tr>\n                       <tr align=\"center\"   >\n              <td style=\"border:#00bfa5 1px solid;font-size: 0.8rem;\">09-03-2026<\/td>\n              \n              <td style=\"border:#00bfa5 1px solid;font-size: 0.8rem; color:#109aa5;\"><b>578,353<\/b><\/td>\n            <\/tr>\n                       <tr align=\"center\"   >\n              <td style=\"border:#00bfa5 1px solid;font-size: 0.8rem;\">06-03-2026<\/td>\n              \n              <td style=\"border:#00bfa5 1px solid;font-size: 0.8rem; color:#109aa5;\"><b>580,961<\/b><\/td>\n            <\/tr>\n                       <tr align=\"center\"   >\n              <td style=\"border:#00bfa5 1px solid;font-size: 0.8rem;\">05-03-2026<\/td>\n              \n              <td style=\"border:#00bfa5 1px solid;font-size: 0.8rem; color:#109aa5;\"><b>582,458<\/b><\/td>\n            <\/tr>\n                       <tr align=\"center\"   >\n              <td style=\"border:#00bfa5 1px solid;font-size: 0.8rem;\">04-03-2026<\/td>\n              \n              <td style=\"border:#00bfa5 1px solid;font-size: 0.8rem; color:#109aa5;\"><b>587,856<\/b><\/td>\n            <\/tr>\n                       <tr align=\"center\"   >\n              <td style=\"border:#00bfa5 1px solid;font-size: 0.8rem;\">03-03-2026<\/td>\n              \n              <td style=\"border:#00bfa5 1px solid;font-size: 0.8rem; color:#109aa5;\"><b>581,506<\/b><\/td>\n            <\/tr>\n                       <tr align=\"center\"   >\n              <td style=\"border:#00bfa5 1px solid;font-size: 0.8rem;\">02-03-2026<\/td>\n              \n              <td style=\"border:#00bfa5 1px solid;font-size: 0.8rem; color:#109aa5;\"><b>600,103<\/b><\/td>\n            <\/tr>\n                       <tr align=\"center\"   >\n              <td style=\"border:#00bfa5 1px solid;font-size: 0.8rem;\">27-02-2026<\/td>\n              \n              <td style=\"border:#00bfa5 1px solid;font-size: 0.8rem; color:#109aa5;\"><b>609,606<\/b><\/td>\n            <\/tr>\n                       <tr align=\"center\"   >\n              <td style=\"border:#00bfa5 1px solid;font-size: 0.8rem;\">26-02-2026<\/td>\n              \n              <td style=\"border:#00bfa5 1px solid;font-size: 0.8rem; color:#109aa5;\"><b>599,422<\/b><\/td>\n            <\/tr>\n                       <tr align=\"center\"   >\n              <td style=\"border:#00bfa5 1px solid;font-size: 0.8rem;\">25-02-2026<\/td>\n              \n              <td style=\"border:#00bfa5 1px solid;font-size: 0.8rem; color:#109aa5;\"><b>597,427<\/b><\/td>\n            <\/tr>\n                       <tr align=\"center\"   >\n              <td style=\"border:#00bfa5 1px solid;font-size: 0.8rem;\">24-02-2026<\/td>\n              \n              <td style=\"border:#00bfa5 1px solid;font-size: 0.8rem; color:#109aa5;\"><b>590,169<\/b><\/td>\n            <\/tr>\n                       <tr align=\"center\"   >\n              <td style=\"border:#00bfa5 1px solid;font-size: 0.8rem;\">23-02-2026<\/td>\n              \n              <td style=\"border:#00bfa5 1px solid;font-size: 0.8rem; color:#109aa5;\"><b>582,050<\/b><\/td>\n            <\/tr>\n                       <tr align=\"center\"   >\n              <td style=\"border:#00bfa5 1px solid;font-size: 0.8rem;\">20-02-2026<\/td>\n              \n              <td style=\"border:#00bfa5 1px solid;font-size: 0.8rem; color:#109aa5;\"><b>578,330<\/b><\/td>\n            <\/tr>\n                      <\/table>\n        <\/div>\n        \n      \n<\/div>\n<\/br>\n<script>\neval(grafico7);\n<\/script>\n\n[\/et_pb_code][\/et_pb_column][\/et_pb_row][\/et_pb_section]<\/p>\n","protected":false},"excerpt":{"rendered":"<p>[et_pb_section bb_built=\u00bb1&#8243;][et_pb_row][et_pb_column type=\u00bb4_4&#8243;][et_pb_code _builder_version=\u00bb3.15&#8243;][\/et_pb_code][\/et_pb_column][\/et_pb_row][\/et_pb_section]<\/p>\n","protected":false},"author":26,"featured_media":0,"parent":0,"menu_order":0,"comment_status":"closed","ping_status":"closed","template":"","meta":[],"_links":{"self":[{"href":"https:\/\/www.portalminero.com\/wp\/wp-json\/wp\/v2\/pages\/174870"}],"collection":[{"href":"https:\/\/www.portalminero.com\/wp\/wp-json\/wp\/v2\/pages"}],"about":[{"href":"https:\/\/www.portalminero.com\/wp\/wp-json\/wp\/v2\/types\/page"}],"author":[{"embeddable":true,"href":"https:\/\/www.portalminero.com\/wp\/wp-json\/wp\/v2\/users\/26"}],"replies":[{"embeddable":true,"href":"https:\/\/www.portalminero.com\/wp\/wp-json\/wp\/v2\/comments?post=174870"}],"version-history":[{"count":2,"href":"https:\/\/www.portalminero.com\/wp\/wp-json\/wp\/v2\/pages\/174870\/revisions"}],"predecessor-version":[{"id":174873,"href":"https:\/\/www.portalminero.com\/wp\/wp-json\/wp\/v2\/pages\/174870\/revisions\/174873"}],"wp:attachment":[{"href":"https:\/\/www.portalminero.com\/wp\/wp-json\/wp\/v2\/media?parent=174870"}],"curies":[{"name":"wp","href":"https:\/\/api.w.org\/{rel}","templated":true}]}}