{"id":34137,"date":"2019-01-02T21:14:06","date_gmt":"2019-01-02T21:14:06","guid":{"rendered":"https:\/\/www.portalminero.com\/wp\/?page_id=34137"},"modified":"2020-01-16T14:14:29","modified_gmt":"2020-01-16T14:14:29","slug":"oportunidades-de-negocios","status":"publish","type":"page","link":"https:\/\/www.portalminero.com\/wp\/oportunidades-de-negocios\/","title":{"rendered":"Oportunidades de Negocios"},"content":{"rendered":"<p>[et_pb_section bb_built=\u00bb1&#8243;][et_pb_row][et_pb_column type=\u00bb4_4&#8243;][et_pb_text _builder_version=\u00bb3.15&#8243;]<\/p>\n<h3 style=\"text-align: center;\"><span style=\"color: #066291; text-decoration: underline;\">Listado de las \u00daltimas 50 Oportunidades de Negocio Publicadas en Portal Minero<\/span><\/h3>\n<p>[\/et_pb_text][\/et_pb_column][\/et_pb_row][et_pb_row][et_pb_column type=\u00bb4_4&#8243;][et_pb_code _builder_version=\u00bb3.15&#8243; module_id=\u00bboportunidades_pag\u00bb]<article><div class=\"titulo-oportunidad\">Publicado en Portal Minero el: <span style=\"color:#f67e62;\">29\/04\/2026<\/span><\/div><div class=\"contenido-oportunidad\"><a href=\"https:\/\/www.portalminero.com\/pages\/viewpage.action?pageId=214572579\">Parque fotovoltaico recibe la aprobaci\u00f3n ambiental<\/a><\/div><\/article><article><div class=\"titulo-oportunidad\">Publicado en Portal Minero el: <span style=\"color:#f67e62;\">29\/04\/2026<\/span><\/div><div class=\"contenido-oportunidad\"><a href=\"https:\/\/www.portalminero.com\/pages\/viewpage.action?pageId=244779534\">Sanitaria solicita obras de conducci\u00f3n de agua en zona centro<\/a><\/div><\/article><article><div class=\"titulo-oportunidad\">Publicado en Portal Minero el: <span style=\"color:#f67e62;\">29\/04\/2026<\/span><\/div><div class=\"contenido-oportunidad\"><a href=\"https:\/\/www.portalminero.com\/pages\/viewpage.action?pageId=244779550\">Incorporan nuevas obras para modernizar redes de distribuci\u00f3n<\/a><\/div><\/article><article><div class=\"titulo-oportunidad\">Publicado en Portal Minero el: <span style=\"color:#f67e62;\">29\/04\/2026<\/span><\/div><div class=\"contenido-oportunidad\"><a href=\"https:\/\/www.portalminero.com\/pages\/viewpage.action?pageId=244779538\">Se requiere la auditor\u00eda externa a servicios<\/a><\/div><\/article><article><div class=\"titulo-oportunidad\">Publicado en Portal Minero el: <span style=\"color:#f67e62;\">29\/04\/2026<\/span><\/div><div class=\"contenido-oportunidad\"><a href=\"https:\/\/www.portalminero.com\/pages\/viewpage.action?pageId=244779541\">Se inicia llamado por la conservaci\u00f3n de caminos<\/a><\/div><\/article><article><div class=\"titulo-oportunidad\">Publicado en Portal Minero el: <span style=\"color:#f67e62;\">29\/04\/2026<\/span><\/div><div class=\"contenido-oportunidad\"><a href=\"https:\/\/www.portalminero.com\/pages\/viewpage.action?pageId=244779544\">Se requiere la conservaci\u00f3n de caminos zona sur<\/a><\/div><\/article><article><div class=\"titulo-oportunidad\">Publicado en Portal Minero el: <span style=\"color:#f67e62;\">29\/04\/2026<\/span><\/div><div class=\"contenido-oportunidad\"><a href=\"https:\/\/www.portalminero.com\/pages\/viewpage.action?pageId=244779547\">Avanzan en estudios de ingenier\u00eda para fortalecer infraestructura sanitaria<\/a><\/div><\/article><article><div class=\"titulo-oportunidad\">Publicado en Portal Minero el: <span style=\"color:#f67e62;\">29\/04\/2026<\/span><\/div><div class=\"contenido-oportunidad\"><a href=\"https:\/\/www.portalminero.com\/pages\/viewpage.action?pageId=244779557\">Proyectan mantenci\u00f3n de infraestructura vial en rutas estrat\u00e9gicas<\/a><\/div><\/article><article><div class=\"titulo-oportunidad\">Publicado en Portal Minero el: <span style=\"color:#f67e62;\">29\/04\/2026<\/span><\/div><div class=\"contenido-oportunidad\"><a href=\"https:\/\/www.portalminero.com\/pages\/viewpage.action?pageId=209985912\">Proyecto minero de tranque relave y obras asociadas avanza con adjudicaci\u00f3n de contrato integrado EPC<\/a><\/div><\/article><article><div class=\"titulo-oportunidad\">Publicado en Portal Minero el: <span style=\"color:#f67e62;\">28\/04\/2026<\/span><\/div><div class=\"contenido-oportunidad\"><a href=\"https:\/\/www.portalminero.com\/pages\/viewpage.action?pageId=244779450\">Se requiere la conservaci\u00f3n de caminos<\/a><\/div><\/article><article><div class=\"titulo-oportunidad\">Publicado en Portal Minero el: <span style=\"color:#f67e62;\">28\/04\/2026<\/span><\/div><div class=\"contenido-oportunidad\"><a href=\"https:\/\/www.portalminero.com\/pages\/viewpage.action?pageId=244779416\">Preparan inspecciones t\u00e9cnicas para evaluar activos en instalaciones energ\u00e9ticas<\/a><\/div><\/article><article><div class=\"titulo-oportunidad\">Publicado en Portal Minero el: <span style=\"color:#f67e62;\">28\/04\/2026<\/span><\/div><div class=\"contenido-oportunidad\"><a href=\"https:\/\/www.portalminero.com\/pages\/viewpage.action?pageId=244779420\">Desarrollan monitoreo ambiental para medir calidad del aire en operaci\u00f3n energ\u00e9tica<\/a><\/div><\/article><article><div class=\"titulo-oportunidad\">Publicado en Portal Minero el: <span style=\"color:#f67e62;\">28\/04\/2026<\/span><\/div><div class=\"contenido-oportunidad\"><a href=\"https:\/\/www.portalminero.com\/pages\/viewpage.action?pageId=244779423\">Requieren apoyo t\u00e9cnico para supervisar mejoras en infraestructura vial<\/a><\/div><\/article><article><div class=\"titulo-oportunidad\">Publicado en Portal Minero el: <span style=\"color:#f67e62;\">28\/04\/2026<\/span><\/div><div class=\"contenido-oportunidad\"><a href=\"https:\/\/www.portalminero.com\/pages\/viewpage.action?pageId=244779427\">Llaman a presentar ofertas para obras de habilitaci\u00f3n de infraestructura de atenci\u00f3n de salud primaria<\/a><\/div><\/article><article><div class=\"titulo-oportunidad\">Publicado en Portal Minero el: <span style=\"color:#f67e62;\">28\/04\/2026<\/span><\/div><div class=\"contenido-oportunidad\"><a href=\"https:\/\/www.portalminero.com\/pages\/viewpage.action?pageId=10912416\">Proyecto de obras complementarias mineras entra en fase de construcci\u00f3n<\/a><\/div><\/article><article><div class=\"titulo-oportunidad\">Publicado en Portal Minero el: <span style=\"color:#f67e62;\">28\/04\/2026<\/span><\/div><div class=\"contenido-oportunidad\"><a href=\"https:\/\/www.portalminero.com\/pages\/viewpage.action?pageId=244779444\">Se requiere el mejoraci\u00f3n integral de barrio<\/a><\/div><\/article><article><div class=\"titulo-oportunidad\">Publicado en Portal Minero el: <span style=\"color:#f67e62;\">28\/04\/2026<\/span><\/div><div class=\"contenido-oportunidad\"><a href=\"https:\/\/www.portalminero.com\/pages\/viewpage.action?pageId=244779447\">Se inicia llamado por la contrataci\u00f3n de suministro el\u00e9ctrico<\/a><\/div><\/article><article><div class=\"titulo-oportunidad\">Publicado en Portal Minero el: <span style=\"color:#f67e62;\">27\/04\/2026<\/span><\/div><div class=\"contenido-oportunidad\"><a href=\"https:\/\/www.portalminero.com\/pages\/viewpage.action?pageId=244779316\">Se requiere el servicio de auditor\u00eda interna al sistema de gesti\u00f3n Integrado<\/a><\/div><\/article><article><div class=\"titulo-oportunidad\">Publicado en Portal Minero el: <span style=\"color:#f67e62;\">27\/04\/2026<\/span><\/div><div class=\"contenido-oportunidad\"><a href=\"https:\/\/www.portalminero.com\/pages\/viewpage.action?pageId=244779319\">Se inicia llamado por la asesor\u00eda conservaci\u00f3n global de caminos<\/a><\/div><\/article><article><div class=\"titulo-oportunidad\">Publicado en Portal Minero el: <span style=\"color:#f67e62;\">27\/04\/2026<\/span><\/div><div class=\"contenido-oportunidad\"><a href=\"https:\/\/www.portalminero.com\/pages\/viewpage.action?pageId=244779265\">Requieren servicios de reemplazos en obras sanitarias de agua potable<\/a><\/div><\/article><article><div class=\"titulo-oportunidad\">Publicado en Portal Minero el: <span style=\"color:#f67e62;\">27\/04\/2026<\/span><\/div><div class=\"contenido-oportunidad\"><a href=\"https:\/\/www.portalminero.com\/pages\/viewpage.action?pageId=244779268\">Ejecutar\u00e1n servicios de interconexi\u00f3n de agua en proyecto sanitario<\/a><\/div><\/article><article><div class=\"titulo-oportunidad\">Publicado en Portal Minero el: <span style=\"color:#f67e62;\">27\/04\/2026<\/span><\/div><div class=\"contenido-oportunidad\"><a href=\"https:\/\/www.portalminero.com\/pages\/viewpage.action?pageId=244779271\">Empresa sanitaria requiere servicios de administraci\u00f3n y mantenimiento<\/a><\/div><\/article><article><div class=\"titulo-oportunidad\">Publicado en Portal Minero el: <span style=\"color:#f67e62;\">27\/04\/2026<\/span><\/div><div class=\"contenido-oportunidad\"><a href=\"https:\/\/www.portalminero.com\/pages\/viewpage.action?pageId=244779276\">Solicitan asesor\u00eda para obras de terminaci\u00f3n en rutas de zona Sur<\/a><\/div><\/article><article><div class=\"titulo-oportunidad\">Publicado en Portal Minero el: <span style=\"color:#f67e62;\">27\/04\/2026<\/span><\/div><div class=\"contenido-oportunidad\"><a href=\"https:\/\/www.portalminero.com\/pages\/viewpage.action?pageId=244779313\">Se requiere el mantenimiento de compresores y sopladores<\/a><\/div><\/article><article><div class=\"titulo-oportunidad\">Publicado en Portal Minero el: <span style=\"color:#f67e62;\">26\/04\/2026<\/span><\/div><div class=\"contenido-oportunidad\"><a href=\"https:\/\/www.portalminero.com\/pages\/viewpage.action?pageId=217389957\">Proyecto inmobiliario de USD 64 millones recibe la aprobaci\u00f3n ambiental<\/a><\/div><\/article><article><div class=\"titulo-oportunidad\">Publicado en Portal Minero el: <span style=\"color:#f67e62;\">24\/04\/2026<\/span><\/div><div class=\"contenido-oportunidad\"><a href=\"https:\/\/www.portalminero.com\/pages\/viewpage.action?pageId=244779138\">Impulsan estudio especializado para medir impactos ambientales en instalaciones energ\u00e9ticas<\/a><\/div><\/article><article><div class=\"titulo-oportunidad\">Publicado en Portal Minero el: <span style=\"color:#f67e62;\">24\/04\/2026<\/span><\/div><div class=\"contenido-oportunidad\"><a href=\"https:\/\/www.portalminero.com\/pages\/viewpage.action?pageId=244779141\">Aseguran abastecimiento de insumos qu\u00edmicos para procesos sanitarios<\/a><\/div><\/article><article><div class=\"titulo-oportunidad\">Publicado en Portal Minero el: <span style=\"color:#f67e62;\">24\/04\/2026<\/span><\/div><div class=\"contenido-oportunidad\"><a href=\"https:\/\/www.portalminero.com\/pages\/viewpage.action?pageId=244779149\">Se inicia la conservaci\u00f3n de elementos de la infraestructura vial<\/a><\/div><\/article><article><div class=\"titulo-oportunidad\">Publicado en Portal Minero el: <span style=\"color:#f67e62;\">24\/04\/2026<\/span><\/div><div class=\"contenido-oportunidad\"><a href=\"https:\/\/www.portalminero.com\/pages\/viewpage.action?pageId=244779152\">Se requiere el estudio hidrogeol\u00f3gico<\/a><\/div><\/article><article><div class=\"titulo-oportunidad\">Publicado en Portal Minero el: <span style=\"color:#f67e62;\">24\/04\/2026<\/span><\/div><div class=\"contenido-oportunidad\"><a href=\"https:\/\/www.portalminero.com\/pages\/viewpage.action?pageId=244779155\">Sector infraestructura inicia llamado a reposici\u00f3n de campamento<\/a><\/div><\/article><article><div class=\"titulo-oportunidad\">Publicado en Portal Minero el: <span style=\"color:#f67e62;\">24\/04\/2026<\/span><\/div><div class=\"contenido-oportunidad\"><a href=\"https:\/\/www.portalminero.com\/pages\/viewpage.action?pageId=244779135\">Eval\u00faan servicios de monitoreo y an\u00e1lisis para sistemas h\u00eddricos en operaci\u00f3n minera<\/a><\/div><\/article><article><div class=\"titulo-oportunidad\">Publicado en Portal Minero el: <span style=\"color:#f67e62;\">23\/04\/2026<\/span><\/div><div class=\"contenido-oportunidad\"><a href=\"https:\/\/www.portalminero.com\/pages\/viewpage.action?pageId=244779053\">Se requiere la desobstrucci\u00f3n de colectores<\/a><\/div><\/article><article><div class=\"titulo-oportunidad\">Publicado en Portal Minero el: <span style=\"color:#f67e62;\">23\/04\/2026<\/span><\/div><div class=\"contenido-oportunidad\"><a href=\"https:\/\/www.portalminero.com\/pages\/viewpage.action?pageId=244779035\">Empresa sanitaria en zona norte grande requiere contratar obras de renovaci\u00f3n de alimentadora<\/a><\/div><\/article><article><div class=\"titulo-oportunidad\">Publicado en Portal Minero el: <span style=\"color:#f67e62;\">23\/04\/2026<\/span><\/div><div class=\"contenido-oportunidad\"><a href=\"https:\/\/www.portalminero.com\/pages\/viewpage.action?pageId=244779038\">Desarrollan ingenier\u00eda para optimizar infraestructura en operaci\u00f3n minera<\/a><\/div><\/article><article><div class=\"titulo-oportunidad\">Publicado en Portal Minero el: <span style=\"color:#f67e62;\">23\/04\/2026<\/span><\/div><div class=\"contenido-oportunidad\"><a href=\"https:\/\/www.portalminero.com\/pages\/viewpage.action?pageId=244779041\">Programan servicios de limpieza para instalaciones productivas<\/a><\/div><\/article><article><div class=\"titulo-oportunidad\">Publicado en Portal Minero el: <span style=\"color:#f67e62;\">23\/04\/2026<\/span><\/div><div class=\"contenido-oportunidad\"><a href=\"https:\/\/www.portalminero.com\/pages\/viewpage.action?pageId=244779044\">Ejecutar\u00e1n reparaciones en infraestructura clave del sistema de transporte urbano<\/a><\/div><\/article><article><div class=\"titulo-oportunidad\">Publicado en Portal Minero el: <span style=\"color:#f67e62;\">23\/04\/2026<\/span><\/div><div class=\"contenido-oportunidad\"><a href=\"https:\/\/www.portalminero.com\/pages\/viewpage.action?pageId=244779069\">Se requiere el aumento de capacidad plantas presurizadoras de agua potable<\/a><\/div><\/article><article><div class=\"titulo-oportunidad\">Publicado en Portal Minero el: <span style=\"color:#f67e62;\">23\/04\/2026<\/span><\/div><div class=\"contenido-oportunidad\"><a href=\"https:\/\/www.portalminero.com\/pages\/viewpage.action?pageId=244779072\">Se inicia llamado por la reposici\u00f3n de pavimentos<\/a><\/div><\/article><article><div class=\"titulo-oportunidad\">Publicado en Portal Minero el: <span style=\"color:#f67e62;\">23\/04\/2026<\/span><\/div><div class=\"contenido-oportunidad\"><a href=\"https:\/\/www.portalminero.com\/pages\/viewpage.action?pageId=207950946\">Proyecto minero adjudic\u00f3  contrato de Ingenier\u00eda Adquisiciones y Gesti\u00f3n de la Construcci\u00f3n ( EPCM )<\/a><\/div><\/article><article><div class=\"titulo-oportunidad\">Publicado en Portal Minero el: <span style=\"color:#f67e62;\">22\/04\/2026<\/span><\/div><div class=\"contenido-oportunidad\"><a href=\"https:\/\/www.portalminero.com\/pages\/viewpage.action?pageId=244778945\">Avanza renovaci\u00f3n de infraestructura sanitaria para reforzar redes de distribuci\u00f3n<\/a><\/div><\/article><article><div class=\"titulo-oportunidad\">Publicado en Portal Minero el: <span style=\"color:#f67e62;\">22\/04\/2026<\/span><\/div><div class=\"contenido-oportunidad\"><a href=\"https:\/\/www.portalminero.com\/pages\/viewpage.action?pageId=244778939\">Para proyecto ferroviario licitan servicio de rescate arqueol\u00f3gico<\/a><\/div><\/article><article><div class=\"titulo-oportunidad\">Publicado en Portal Minero el: <span style=\"color:#f67e62;\">22\/04\/2026<\/span><\/div><div class=\"contenido-oportunidad\"><a href=\"https:\/\/www.portalminero.com\/pages\/viewpage.action?pageId=215125929\">Lanzan llamado a precalificaci\u00f3n para nuevo contrato de construcci\u00f3n y operaci\u00f3n de sistema de impulsi\u00f3n de aguas en faena minera<\/a><\/div><\/article><article><div class=\"titulo-oportunidad\">Publicado en Portal Minero el: <span style=\"color:#f67e62;\">22\/04\/2026<\/span><\/div><div class=\"contenido-oportunidad\"><a href=\"https:\/\/www.portalminero.com\/pages\/viewpage.action?pageId=244778930\">Preparan servicios log\u00edsticos para apoyar operaciones en faena minera<\/a><\/div><\/article><article><div class=\"titulo-oportunidad\">Publicado en Portal Minero el: <span style=\"color:#f67e62;\">22\/04\/2026<\/span><\/div><div class=\"contenido-oportunidad\"><a href=\"https:\/\/www.portalminero.com\/pages\/viewpage.action?pageId=244778933\">Se requiere el servicio de apoyo a rescates arqueol\u00f3gicos en proyecto de infraestructura ferroviaria<\/a><\/div><\/article><article><div class=\"titulo-oportunidad\">Publicado en Portal Minero el: <span style=\"color:#f67e62;\">22\/04\/2026<\/span><\/div><div class=\"contenido-oportunidad\"><a href=\"https:\/\/www.portalminero.com\/pages\/viewpage.action?pageId=244778936\">Activan trabajos de movimiento de material en instalaci\u00f3n productiva<\/a><\/div><\/article><article><div class=\"titulo-oportunidad\">Publicado en Portal Minero el: <span style=\"color:#f67e62;\">22\/04\/2026<\/span><\/div><div class=\"contenido-oportunidad\"><a href=\"https:\/\/www.portalminero.com\/pages\/viewpage.action?pageId=244778942\">Se requiere el dise\u00f1o ampliaci\u00f3n conducci\u00f3n<\/a><\/div><\/article><article><div class=\"titulo-oportunidad\">Publicado en Portal Minero el: <span style=\"color:#f67e62;\">21\/04\/2026<\/span><\/div><div class=\"contenido-oportunidad\"><a href=\"https:\/\/www.portalminero.com\/pages\/viewpage.action?pageId=244778806\">Para proyecto de planta de tratamiento y re\u00faso de agua requieren elaboraci\u00f3n de Declaraci\u00f3n de Impacto Ambiental<\/a><\/div><\/article><article><div class=\"titulo-oportunidad\">Publicado en Portal Minero el: <span style=\"color:#f67e62;\">21\/04\/2026<\/span><\/div><div class=\"contenido-oportunidad\"><a href=\"https:\/\/www.portalminero.com\/pages\/viewpage.action?pageId=244778809\">Impulsan mejoras en infraestructura deportiva de uso comunitario<\/a><\/div><\/article><article><div class=\"titulo-oportunidad\">Publicado en Portal Minero el: <span style=\"color:#f67e62;\">21\/04\/2026<\/span><\/div><div class=\"contenido-oportunidad\"><a href=\"https:\/\/www.portalminero.com\/pages\/viewpage.action?pageId=244778827\">Se inicia la conservaci\u00f3n de edificio<\/a><\/div><\/article><article><div class=\"titulo-oportunidad\">Publicado en Portal Minero el: <span style=\"color:#f67e62;\">21\/04\/2026<\/span><\/div><div class=\"contenido-oportunidad\"><a href=\"https:\/\/www.portalminero.com\/pages\/viewpage.action?pageId=244778830\">Se requiere la construcci\u00f3n de pavimentos, instalaci\u00f3n de mobiliario urbano e iluminaci\u00f3n para localidad en zona Sur<\/a><\/div><\/article>[\/et_pb_code][\/et_pb_column][\/et_pb_row][\/et_pb_section]<\/p>\n","protected":false},"excerpt":{"rendered":"<p>[et_pb_section bb_built=\u00bb1&#8243;][et_pb_row][et_pb_column type=\u00bb4_4&#8243;][et_pb_text _builder_version=\u00bb3.15&#8243;] Listado de las \u00daltimas 50 Oportunidades de Negocio Publicadas en Portal Minero [\/et_pb_text][\/et_pb_column][\/et_pb_row][et_pb_row][et_pb_column type=\u00bb4_4&#8243;][et_pb_code _builder_version=\u00bb3.15&#8243; module_id=\u00bboportunidades_pag\u00bb][\/et_pb_code][\/et_pb_column][\/et_pb_row][\/et_pb_section]<\/p>\n","protected":false},"author":7,"featured_media":0,"parent":0,"menu_order":0,"comment_status":"closed","ping_status":"closed","template":"","meta":[],"_links":{"self":[{"href":"https:\/\/www.portalminero.com\/wp\/wp-json\/wp\/v2\/pages\/34137"}],"collection":[{"href":"https:\/\/www.portalminero.com\/wp\/wp-json\/wp\/v2\/pages"}],"about":[{"href":"https:\/\/www.portalminero.com\/wp\/wp-json\/wp\/v2\/types\/page"}],"author":[{"embeddable":true,"href":"https:\/\/www.portalminero.com\/wp\/wp-json\/wp\/v2\/users\/7"}],"replies":[{"embeddable":true,"href":"https:\/\/www.portalminero.com\/wp\/wp-json\/wp\/v2\/comments?post=34137"}],"version-history":[{"count":3,"href":"https:\/\/www.portalminero.com\/wp\/wp-json\/wp\/v2\/pages\/34137\/revisions"}],"predecessor-version":[{"id":89759,"href":"https:\/\/www.portalminero.com\/wp\/wp-json\/wp\/v2\/pages\/34137\/revisions\/89759"}],"wp:attachment":[{"href":"https:\/\/www.portalminero.com\/wp\/wp-json\/wp\/v2\/media?parent=34137"}],"curies":[{"name":"wp","href":"https:\/\/api.w.org\/{rel}","templated":true}]}}