{"id":89278,"date":"2020-01-02T15:53:48","date_gmt":"2020-01-02T15:53:48","guid":{"rendered":"https:\/\/www.portalminero.com\/wp\/producto\/import-placeholder-for-88510\/"},"modified":"2020-01-21T14:51:18","modified_gmt":"2020-01-21T14:51:18","slug":"los-recursos-hidricos-para-la-mineria","status":"publish","type":"product","link":"https:\/\/www.portalminero.com\/wp\/producto\/los-recursos-hidricos-para-la-mineria\/","title":{"rendered":"Los Recursos H\u00eddricos para la Miner\u00eda"},"content":{"rendered":"<p>Estudio del Agua en la Miner\u00eda Chilena<\/p>\n","protected":false},"excerpt":{"rendered":"<p><strong>T\u00edtulo<\/strong>:Los Recursos H\u00eddricos para la Miner\u00eda<br \/>\n<strong>Autores<\/strong>:Cochilco<br \/>\n<strong>Formato<\/strong>:Digital PDF<br \/>\n<strong>P\u00e1ginas<\/strong>:8<br \/>\n<strong>Edici\u00f3n<\/strong>:1\u00aa Edici\u00f3n<br \/>\n<strong>A\u00f1o<\/strong>:2011<br \/>\n<strong>Materia<\/strong>:Estudio del Agua en la Miner\u00eda Chilena<br \/>\n<strong>Editorial<\/strong>:Cochilco<br \/>\n<strong>Pesos Chilenos:<\/strong>$0,00<\/p>\n","protected":false},"featured_media":89307,"comment_status":"open","ping_status":"closed","template":"","meta":[],"product_cat":[451],"product_tag":[],"_links":{"self":[{"href":"https:\/\/www.portalminero.com\/wp\/wp-json\/wp\/v2\/product\/89278"}],"collection":[{"href":"https:\/\/www.portalminero.com\/wp\/wp-json\/wp\/v2\/product"}],"about":[{"href":"https:\/\/www.portalminero.com\/wp\/wp-json\/wp\/v2\/types\/product"}],"replies":[{"embeddable":true,"href":"https:\/\/www.portalminero.com\/wp\/wp-json\/wp\/v2\/comments?post=89278"}],"wp:featuredmedia":[{"embeddable":true,"href":"https:\/\/www.portalminero.com\/wp\/wp-json\/wp\/v2\/media\/89307"}],"wp:attachment":[{"href":"https:\/\/www.portalminero.com\/wp\/wp-json\/wp\/v2\/media?parent=89278"}],"wp:term":[{"taxonomy":"product_cat","embeddable":true,"href":"https:\/\/www.portalminero.com\/wp\/wp-json\/wp\/v2\/product_cat?post=89278"},{"taxonomy":"product_tag","embeddable":true,"href":"https:\/\/www.portalminero.com\/wp\/wp-json\/wp\/v2\/product_tag?post=89278"}],"curies":[{"name":"wp","href":"https:\/\/api.w.org\/{rel}","templated":true}]}}