{"id":89280,"date":"2020-01-02T15:53:49","date_gmt":"2020-01-02T15:53:49","guid":{"rendered":"https:\/\/www.portalminero.com\/wp\/producto\/import-placeholder-for-88506\/"},"modified":"2020-01-21T14:52:18","modified_gmt":"2020-01-21T14:52:18","slug":"consumo-de-agua-en-la-mineria-del-cobre-2010","status":"publish","type":"product","link":"https:\/\/www.portalminero.com\/wp\/producto\/consumo-de-agua-en-la-mineria-del-cobre-2010\/","title":{"rendered":"Consumo de Agua en la Miner\u00eda del Cobre 2010"},"content":{"rendered":"<p>El resultado cuantitativo es que el consumo total de agua fresca en el a\u00f1o 2010 alcanz\u00f3 al equivalente de 12,4 m3, donde el 43,5% se consume en la Regi\u00f3n de Antofagasta. Las otras dos regiones del Norte (I y III), se sit\u00faan en torno al 11% del consumo total. De dicho consumo total, el 71% se destina a la producci\u00f3n de concentrados, el 14% a la producci\u00f3n de c\u00e1todos SxEw y el 15% a otros fines no asimilables directamente a la producci\u00f3n.<\/p>\n","protected":false},"excerpt":{"rendered":"<p><strong>T\u00edtulo<\/strong>:Consumo de Agua en la Miner\u00eda del Cobre 2010<br \/>\n<strong>Autores<\/strong>:Rossana Cristina Brantes Abarca \/ Vicente P\u00e9rez Vidal<br \/>\n<strong>Formato<\/strong>:Digital PDF<br \/>\n<strong>P\u00e1ginas<\/strong>:33<br \/>\n<strong>Edici\u00f3n<\/strong>:1\u00aa Edici\u00f3n<br \/>\n<strong>A\u00f1o<\/strong>:2011<br \/>\n<strong>Materia<\/strong>:Manual Informativo<br \/>\n<strong>Editorial<\/strong>:Cochilco<br \/>\n<strong>Pesos Chilenos<\/strong>:$0,00<br \/>\n<strong>D\u00f3lares Americanos<\/strong>:US$0,00<\/p>\n","protected":false},"featured_media":89309,"comment_status":"open","ping_status":"closed","template":"","meta":[],"product_cat":[451],"product_tag":[],"_links":{"self":[{"href":"https:\/\/www.portalminero.com\/wp\/wp-json\/wp\/v2\/product\/89280"}],"collection":[{"href":"https:\/\/www.portalminero.com\/wp\/wp-json\/wp\/v2\/product"}],"about":[{"href":"https:\/\/www.portalminero.com\/wp\/wp-json\/wp\/v2\/types\/product"}],"replies":[{"embeddable":true,"href":"https:\/\/www.portalminero.com\/wp\/wp-json\/wp\/v2\/comments?post=89280"}],"wp:featuredmedia":[{"embeddable":true,"href":"https:\/\/www.portalminero.com\/wp\/wp-json\/wp\/v2\/media\/89309"}],"wp:attachment":[{"href":"https:\/\/www.portalminero.com\/wp\/wp-json\/wp\/v2\/media?parent=89280"}],"wp:term":[{"taxonomy":"product_cat","embeddable":true,"href":"https:\/\/www.portalminero.com\/wp\/wp-json\/wp\/v2\/product_cat?post=89280"},{"taxonomy":"product_tag","embeddable":true,"href":"https:\/\/www.portalminero.com\/wp\/wp-json\/wp\/v2\/product_tag?post=89280"}],"curies":[{"name":"wp","href":"https:\/\/api.w.org\/{rel}","templated":true}]}}